{"id":2259,"date":"2018-10-16T10:15:15","date_gmt":"2018-10-16T08:15:15","guid":{"rendered":"https:\/\/ttc-marconi.com\/kontakty\/"},"modified":"2025-10-01T09:51:54","modified_gmt":"2025-10-01T07:51:54","slug":"contacts","status":"publish","type":"page","link":"https:\/\/ttc-marconi.com\/en\/contacts\/","title":{"rendered":"Contacts"},"content":{"rendered":"<h2>TTC MARCONI s. r. o.<\/h2>\n<p>T\u0159ebohostick\u00e1 987\/5, 100&nbsp;00\u00a0 Praha 10 &#8211; Stra\u0161nice<br \/>\ntel.: +420&nbsp;234&nbsp;051&nbsp;001, fax: +420&nbsp;274&nbsp;814&nbsp;747<br \/>\ne-mail: <a href=\"mailto:ttcm@ttc.cz\">ttcm@ttc.cz<\/a>, <a href=\"http:\/\/www.ttc-marconi.com\">www.ttc-marconi.com<\/a><\/p>\n<p>I\u010c 48591254, DI\u010c CZ48591254<br \/>\nzaps\u00e1na u M\u011bstsk\u00e9ho soudu v&nbsp;Praze,<br \/>\nspisov\u00e1 zna\u010dka C 18472<\/p>\n<h2>TTC MARCONI, s. r. o. &#8211; Slovakia<\/h2>\n<p>Hrani\u010dn\u00e1 18, 821&nbsp;05\u00a0 Bratislava<br \/>\ntel.: +421&nbsp;253&nbsp;413&nbsp;969, fax: +421&nbsp;2&nbsp;321&nbsp;994&nbsp;77<br \/>\ne-mail: <a href=\"mailto:ttcm@marconi.ttcm.sk\">ttcm@marconi.ttcm.sk<\/a><\/p>\n<h2>TTC MARCONI s. r. o. &#8211; Ukraine<\/h2>\n<p>Krasnoarmeyskaya 9\/2, 01004\u00a0 Kijev, office 12<br \/>\ntel.: +380&nbsp;44&nbsp;247&nbsp;57&nbsp;45, fax: +380&nbsp;44&nbsp;247&nbsp;57&nbsp;45<br \/>\ne-mail: <a href=\"mailto:office@ttc-marconi.com.ua\">office@ttc-marconi.com.ua<\/a><\/p>\n<h2>TTC MARCONI s. r. o. &#8211; Russian federation<\/h2>\n<p>3-ya Tverskaja-Yamskaja 31\/35, 125047\u00a0 Moskva, office 614<br \/>\ntel.: +7&nbsp;495&nbsp;799-9009, fax: +7&nbsp;499&nbsp;972-6573<br \/>\ne-mail: <a href=\"mailto:office@ttcmarconi.ru\">office@ttcmarconi.ru<\/a><\/p>\n<hr \/>\n<h2>TTC TELEKOMUNIKACE, s.r.o.<\/h2>\n<p>T\u0159ebohostick\u00e1 987\/5, 100&nbsp;00\u00a0 Praha 10 &#8211; Stra\u0161nice<br \/>\ntel.: +420\u00a0234\u00a0051&nbsp;002, fax: +420\u00a0234\u00a0052\u00a0999<br \/>\ne-mail: <a href=\"mailto:info@ttc.cz\">info@ttc.cz<\/a>, <a href=\"http:\/\/www.ttc-marconi.com\/#goto=ttc-telekomunikace\" target=\"_blank\" rel=\"noopener noreferrer\">www.ttc-telekomunikace.cz<\/a><\/p>\n<p>I\u010c 41194403, DI\u010c CZ41194403<br \/>\nzaps\u00e1na u M\u011bstsk\u00e9ho soudu v&nbsp;Praze,<br \/>\nspisov\u00e1 zna\u010dka C 4736<\/p>\n","protected":false},"excerpt":{"rendered":"<p>TTC MARCONI s. r. o. T\u0159ebohostick\u00e1 987\/5, 100&nbsp;00\u00a0 Praha 10 &#8211; Stra\u0161nice tel.: +420&nbsp;234&nbsp;051&nbsp;001, fax: +420&nbsp;274&nbsp;814&nbsp;747 e-mail: <a href=\"mailto:ttcm@ttc.cz\">ttcm@ttc.cz<\/a>, <a href=\"http:\/\/www.ttc-marconi.com\">www.ttc-marconi.com<\/a> I\u010c 48591254, DI\u010c CZ48591254 zaps\u00e1na u M\u011bstsk\u00e9ho soudu v&nbsp;Praze, spisov\u00e1 zna\u010dka C 18472 TTC MARCONI, s. r. o. &#8211; Slovakia Hrani\u010dn\u00e1 18, 821&nbsp;05\u00a0 Bratislava tel.: +421&nbsp;253&nbsp;413&nbsp;969, fax: +421&nbsp;2&nbsp;321&nbsp;994&nbsp;77 e-mail: <a href=\"mailto:ttcm@marconi.ttcm.sk\">ttcm@marconi.ttcm.sk<\/a> TTC MARCONI s. [&#8230;]<\/p>\n","protected":false},"author":1,"featured_media":0,"parent":0,"menu_order":0,"comment_status":"closed","ping_status":"closed","template":"page-contact.php","meta":{"_acf_changed":false,"_monsterinsights_skip_tracking":false,"_monsterinsights_sitenote_active":false,"_monsterinsights_sitenote_note":"","_monsterinsights_sitenote_category":0,"footnotes":""},"class_list":["post-2259","page","type-page","status-publish","hentry"],"acf":[],"_links":{"self":[{"href":"https:\/\/ttc-marconi.com\/en\/wp-json\/wp\/v2\/pages\/2259","targetHints":{"allow":["GET"]}}],"collection":[{"href":"https:\/\/ttc-marconi.com\/en\/wp-json\/wp\/v2\/pages"}],"about":[{"href":"https:\/\/ttc-marconi.com\/en\/wp-json\/wp\/v2\/types\/page"}],"author":[{"embeddable":true,"href":"https:\/\/ttc-marconi.com\/en\/wp-json\/wp\/v2\/users\/1"}],"replies":[{"embeddable":true,"href":"https:\/\/ttc-marconi.com\/en\/wp-json\/wp\/v2\/comments?post=2259"}],"version-history":[{"count":16,"href":"https:\/\/ttc-marconi.com\/en\/wp-json\/wp\/v2\/pages\/2259\/revisions"}],"predecessor-version":[{"id":5984,"href":"https:\/\/ttc-marconi.com\/en\/wp-json\/wp\/v2\/pages\/2259\/revisions\/5984"}],"wp:attachment":[{"href":"https:\/\/ttc-marconi.com\/en\/wp-json\/wp\/v2\/media?parent=2259"}],"curies":[{"name":"wp","href":"https:\/\/api.w.org\/{rel}","templated":true}]}}